{"id":160312,"date":"2026-04-21T08:38:08","date_gmt":"2026-04-21T08:38:08","guid":{"rendered":"https:\/\/starandstampstore.com\/product\/orange-free-state-sg-ro2\/"},"modified":"2026-04-21T08:38:17","modified_gmt":"2026-04-21T08:38:17","slug":"orange-free-state-sg-ro2","status":"publish","type":"product","link":"https:\/\/starandstampstore.com\/en\/product\/orange-free-state-sg-ro2\/","title":{"rendered":"Orange Free State  |  SG RO2"},"content":{"rendered":"<p>Felfritt ex.<\/p>\n<p>Skick  |  Fasts\u00e4ttarsp\u00e5r ( MH )<\/p>\n<p>Katalogv\u00e4rde  |  SG  |  120 \u00a3<\/p>\n<p>Kommentar  |  P\u00e5tryck C.S.A.R.<\/p>","protected":false},"excerpt":{"rendered":"<p>Felfritt ex. Skick | Fasts\u00e4ttarsp\u00e5r ( MH ) Katalogv\u00e4rde | SG | 120 \u00a3 Kommentar | P\u00e5tryck C.S.A.R.<\/p>","protected":false},"featured_media":159709,"template":"elementor_header_footer","meta":{"site-sidebar-layout":"default","site-content-layout":"default","ast-site-content-layout":"default","site-content-style":"default","site-sidebar-style":"default","ast-global-header-display":"","ast-banner-title-visibility":"","ast-main-header-display":"","ast-hfb-above-header-display":"","ast-hfb-below-header-display":"","ast-hfb-mobile-header-display":"","site-post-title":"","ast-breadcrumbs-content":"","ast-featured-img":"","footer-sml-layout":"","ast-disable-related-posts":"","theme-transparent-header-meta":"default","adv-header-id-meta":"","stick-header-meta":"","header-above-stick-meta":"","header-main-stick-meta":"","header-below-stick-meta":"","astra-migrate-meta-layouts":"default","ast-page-background-enabled":"default","ast-page-background-meta":{"desktop":{"background-color":"","background-image":"","background-repeat":"repeat","background-position":"center center","background-size":"auto","background-attachment":"scroll","background-type":"","background-media":"","overlay-type":"","overlay-color":"","overlay-opacity":"","overlay-gradient":""},"tablet":{"background-color":"","background-image":"","background-repeat":"repeat","background-position":"center center","background-size":"auto","background-attachment":"scroll","background-type":"","background-media":"","overlay-type":"","overlay-color":"","overlay-opacity":"","overlay-gradient":""},"mobile":{"background-color":"","background-image":"","background-repeat":"repeat","background-position":"center center","background-size":"auto","background-attachment":"scroll","background-type":"","background-media":"","overlay-type":"","overlay-color":"","overlay-opacity":"","overlay-gradient":""}},"ast-content-background-meta":{"desktop":{"background-color":"var(--ast-global-color-5)","background-image":"","background-repeat":"repeat","background-position":"center center","background-size":"auto","background-attachment":"scroll","background-type":"","background-media":"","overlay-type":"","overlay-color":"","overlay-opacity":"","overlay-gradient":""},"tablet":{"background-color":"var(--ast-global-color-5)","background-image":"","background-repeat":"repeat","background-position":"center center","background-size":"auto","background-attachment":"scroll","background-type":"","background-media":"","overlay-type":"","overlay-color":"","overlay-opacity":"","overlay-gradient":""},"mobile":{"background-color":"var(--ast-global-color-5)","background-image":"","background-repeat":"repeat","background-position":"center center","background-size":"auto","background-attachment":"scroll","background-type":"","background-media":"","overlay-type":"","overlay-color":"","overlay-opacity":"","overlay-gradient":""}}},"product_brand":[],"product_cat":[30,25,327,22,1404,623,1243],"product_tag":[],"class_list":{"0":"post-160312","1":"product","2":"type-product","3":"status-publish","4":"has-post-thumbnail","6":"product_cat-afrika","7":"product_cat-06-engelska-samvaldet","8":"product_cat-jarnvag","9":"product_cat-14-motiv","10":"product_cat-orange-free-state","11":"product_cat-south-africa","12":"product_cat-02-speciellt-utvalda","13":"pa_skick-fastsattarspar-mh","14":"desktop-align-center","15":"tablet-align-center","16":"mobile-align-center","17":"ast-product-gallery-layout-horizontal-slider","18":"ast-product-gallery-with-no-image","19":"ast-product-tabs-layout-horizontal","21":"first","22":"instock","23":"purchasable","24":"product-type-simple"},"jetpack_sharing_enabled":true,"_links":{"self":[{"href":"https:\/\/starandstampstore.com\/en\/wp-json\/wp\/v2\/product\/160312","targetHints":{"allow":["GET"]}}],"collection":[{"href":"https:\/\/starandstampstore.com\/en\/wp-json\/wp\/v2\/product"}],"about":[{"href":"https:\/\/starandstampstore.com\/en\/wp-json\/wp\/v2\/types\/product"}],"wp:featuredmedia":[{"embeddable":true,"href":"https:\/\/starandstampstore.com\/en\/wp-json\/wp\/v2\/media\/159709"}],"wp:attachment":[{"href":"https:\/\/starandstampstore.com\/en\/wp-json\/wp\/v2\/media?parent=160312"}],"wp:term":[{"taxonomy":"product_brand","embeddable":true,"href":"https:\/\/starandstampstore.com\/en\/wp-json\/wp\/v2\/product_brand?post=160312"},{"taxonomy":"product_cat","embeddable":true,"href":"https:\/\/starandstampstore.com\/en\/wp-json\/wp\/v2\/product_cat?post=160312"},{"taxonomy":"product_tag","embeddable":true,"href":"https:\/\/starandstampstore.com\/en\/wp-json\/wp\/v2\/product_tag?post=160312"}],"curies":[{"name":"wp","href":"https:\/\/api.w.org\/{rel}","templated":true}]}}