{"id":40038,"date":"2022-04-27T07:05:19","date_gmt":"2022-04-27T07:05:19","guid":{"rendered":"https:\/\/starandstampstore.com\/product\/ostansjo-facit-277\/"},"modified":"2026-04-20T08:06:50","modified_gmt":"2026-04-20T08:06:50","slug":"ostansjo-facit-277","status":"publish","type":"product","link":"https:\/\/starandstampstore.com\/en\/product\/ostansjo-facit-277\/","title":{"rendered":"\u00d6stansj\u00f6  |  Facit 277"},"content":{"rendered":"<p>Skick  |  St\u00e4mplat ( Used )<\/p>\n<p>Kommentar  |  N\u00e5gon l\u00e4tt naggad tand.<\/p>","protected":false},"excerpt":{"rendered":"<p>Skick | St\u00e4mplat ( Used ) Kommentar | N\u00e5gon l\u00e4tt naggad tand.<\/p>","protected":false},"featured_media":38991,"template":"","meta":{"site-sidebar-layout":"default","site-content-layout":"default","ast-site-content-layout":"default","site-content-style":"default","site-sidebar-style":"default","ast-global-header-display":"","ast-banner-title-visibility":"","ast-main-header-display":"","ast-hfb-above-header-display":"","ast-hfb-below-header-display":"","ast-hfb-mobile-header-display":"","site-post-title":"","ast-breadcrumbs-content":"","ast-featured-img":"","footer-sml-layout":"","ast-disable-related-posts":"","theme-transparent-header-meta":"default","adv-header-id-meta":"","stick-header-meta":"","header-above-stick-meta":"","header-main-stick-meta":"","header-below-stick-meta":"","astra-migrate-meta-layouts":"default","ast-page-background-enabled":"default","ast-page-background-meta":{"desktop":{"background-color":"","background-image":"","background-repeat":"repeat","background-position":"center center","background-size":"auto","background-attachment":"scroll","background-type":"","background-media":"","overlay-type":"","overlay-color":"","overlay-opacity":"","overlay-gradient":""},"tablet":{"background-color":"","background-image":"","background-repeat":"repeat","background-position":"center center","background-size":"auto","background-attachment":"scroll","background-type":"","background-media":"","overlay-type":"","overlay-color":"","overlay-opacity":"","overlay-gradient":""},"mobile":{"background-color":"","background-image":"","background-repeat":"repeat","background-position":"center center","background-size":"auto","background-attachment":"scroll","background-type":"","background-media":"","overlay-type":"","overlay-color":"","overlay-opacity":"","overlay-gradient":""}},"ast-content-background-meta":{"desktop":{"background-color":"var(--ast-global-color-5)","background-image":"","background-repeat":"repeat","background-position":"center center","background-size":"auto","background-attachment":"scroll","background-type":"","background-media":"","overlay-type":"","overlay-color":"","overlay-opacity":"","overlay-gradient":""},"tablet":{"background-color":"var(--ast-global-color-5)","background-image":"","background-repeat":"repeat","background-position":"center center","background-size":"auto","background-attachment":"scroll","background-type":"","background-media":"","overlay-type":"","overlay-color":"","overlay-opacity":"","overlay-gradient":""},"mobile":{"background-color":"var(--ast-global-color-5)","background-image":"","background-repeat":"repeat","background-position":"center center","background-size":"auto","background-attachment":"scroll","background-type":"","background-media":"","overlay-type":"","overlay-color":"","overlay-opacity":"","overlay-gradient":""}}},"product_brand":[],"product_cat":[547,667,664,16],"product_tag":[],"class_list":{"0":"post-40038","1":"product","2":"type-product","3":"status-publish","4":"has-post-thumbnail","6":"product_cat-hembygdsfilateli","7":"product_cat-narke","8":"product_cat-stamplat-1928-1949","9":"product_cat-03-sverige","10":"pa_skick-stamplat-used","11":"desktop-align-center","12":"tablet-align-center","13":"mobile-align-center","14":"ast-product-gallery-layout-horizontal-slider","15":"ast-product-gallery-with-no-image","16":"ast-product-tabs-layout-horizontal","18":"first","19":"instock","20":"purchasable","21":"product-type-simple"},"jetpack_sharing_enabled":true,"_links":{"self":[{"href":"https:\/\/starandstampstore.com\/en\/wp-json\/wp\/v2\/product\/40038","targetHints":{"allow":["GET"]}}],"collection":[{"href":"https:\/\/starandstampstore.com\/en\/wp-json\/wp\/v2\/product"}],"about":[{"href":"https:\/\/starandstampstore.com\/en\/wp-json\/wp\/v2\/types\/product"}],"wp:featuredmedia":[{"embeddable":true,"href":"https:\/\/starandstampstore.com\/en\/wp-json\/wp\/v2\/media\/38991"}],"wp:attachment":[{"href":"https:\/\/starandstampstore.com\/en\/wp-json\/wp\/v2\/media?parent=40038"}],"wp:term":[{"taxonomy":"product_brand","embeddable":true,"href":"https:\/\/starandstampstore.com\/en\/wp-json\/wp\/v2\/product_brand?post=40038"},{"taxonomy":"product_cat","embeddable":true,"href":"https:\/\/starandstampstore.com\/en\/wp-json\/wp\/v2\/product_cat?post=40038"},{"taxonomy":"product_tag","embeddable":true,"href":"https:\/\/starandstampstore.com\/en\/wp-json\/wp\/v2\/product_tag?post=40038"}],"curies":[{"name":"wp","href":"https:\/\/api.w.org\/{rel}","templated":true}]}}